{"id":102,"date":"2019-04-14T15:06:03","date_gmt":"2019-04-14T15:06:03","guid":{"rendered":"http:\/\/rokoko.net\/?page_id=102"},"modified":"2019-04-21T12:41:24","modified_gmt":"2019-04-21T12:41:24","slug":"militaer-verdienstorden-hessen","status":"publish","type":"page","link":"http:\/\/rokoko.net\/?page_id=102","title":{"rendered":"Milit\u00e4r-Verdienstorden Hessen"},"content":{"rendered":"<p align=\"center\"><img loading=\"lazy\" decoding=\"async\" class=\"alignnone size-medium wp-image-228\" src=\"http:\/\/rokoko.net\/wp-content\/uploads\/2019\/04\/militaerverdienstordenhessenkassel-162x300.png\" alt=\"\" width=\"162\" height=\"300\" srcset=\"http:\/\/rokoko.net\/wp-content\/uploads\/2019\/04\/militaerverdienstordenhessenkassel-162x300.png 162w, http:\/\/rokoko.net\/wp-content\/uploads\/2019\/04\/militaerverdienstordenhessenkassel.png 247w\" sizes=\"auto, (max-width: 162px) 100vw, 162px\" \/><img loading=\"lazy\" decoding=\"async\" class=\"alignnone size-medium wp-image-70\" src=\"http:\/\/rokoko.net\/wp-content\/uploads\/2019\/04\/1597743_715740858447066_808706275_o-300x195.jpg\" alt=\"\" width=\"300\" height=\"195\" srcset=\"http:\/\/rokoko.net\/wp-content\/uploads\/2019\/04\/1597743_715740858447066_808706275_o-300x195.jpg 300w, http:\/\/rokoko.net\/wp-content\/uploads\/2019\/04\/1597743_715740858447066_808706275_o-768x499.jpg 768w, http:\/\/rokoko.net\/wp-content\/uploads\/2019\/04\/1597743_715740858447066_808706275_o-1024x666.jpg 1024w, http:\/\/rokoko.net\/wp-content\/uploads\/2019\/04\/1597743_715740858447066_808706275_o.jpg 1772w\" sizes=\"auto, (max-width: 300px) 100vw, 300px\" \/><\/p>\n<p style=\"text-align: left;\" align=\"center\">Der Orden Pour la vertu militaire wurde am 25. Februar 1769 durch Landgraf Friedrich II. von Hessen-Kassel in einer Klasse gestiftet und war zur Verleihung von Offizieren f\u00fcr Tapferkeit vorgesehen. In Friedenszeiten wurde der Orden nur ab Stabsoffiziere aufw\u00e4rts verliehen.<\/p>\n<p style=\"text-align: left;\" align=\"center\">Am 22. Oktober 1820 erfolgte die Umbenennung in Milit\u00e4r-Verdienstorden.<\/p>\n<p style=\"text-align: left;\" align=\"center\"><strong>Ordensdekoration<\/strong><\/p>\n<p style=\"text-align: left;\" align=\"center\">Das Ordenszeichen ist ein aus Gold gefertigtes rosafarben emailliertes Malteserkreuz. \u00dcber dem Kreuz ist eine massive F\u00fcrstenkrone (ab 1803 eine K\u00f6nigskrone) angebracht. In den Kreuzwinkeln stehend goldene gekr\u00f6nte hessische L\u00f6wen. Auf dem oberen Kreuzarm befindet sich das verschlungene Monogramm <tt>F L<\/tt> (Friedrich Landgraf). Nach dem Tode des Stifters 1785 wurde dieses Monogramm auf seinen Nachfolger <tt>W L<\/tt> (Wilhelm Landgraf) und nach seiner Standeserh\u00f6hung zum Kurf\u00fcrsten in <tt>W K<\/tt> (Wilhelm Kurf\u00fcrst) ge\u00e4ndert. Auf den \u00fcbrigen Kreuzarmen (rechts\/unten\/links) sind die Buchstaben <tt>VIR TU TI<\/tt> (F\u00fcr Tapferkeit) zu lesen. Die R\u00fcckseite des Kreuzes ist ohne Inschrift.<\/p>\n<p style=\"text-align: left;\" align=\"center\"><strong>Trageweise<\/strong><\/p>\n<p style=\"text-align: left;\" align=\"center\">Getragen wurde der Orden an einem himmelblauen Band mit silbernen Randstreifen um den Hals.<\/p>\n<p style=\"text-align: left;\" align=\"center\"><strong>Sonstiges<\/strong><\/p>\n<p style=\"text-align: left;\" align=\"center\">Nach dem Ableben des Inhabers musste die Dekoration von den Erben innerhalb von drei Monaten an die Ordenskanzlei zur\u00fcckgegeben werden.<\/p>\n<p style=\"text-align: left;\" align=\"center\">Mit der Annexion durch Preu\u00dfen im Jahre 1866 wurde der Orden nicht mehr verliehen und ist mit dem Tode des letzten Ritters Prinz Alexander von Hessen-Darmstadt am 15. Dezember 1888 erloschen.<\/p>\n<p>&nbsp;<\/p>\n","protected":false},"excerpt":{"rendered":"<p>Der Orden Pour la vertu militaire wurde am 25. Februar 1769 durch Landgraf Friedrich II. von Hessen-Kassel in einer Klasse gestiftet und war zur Verleihung von Offizieren f\u00fcr Tapferkeit vorgesehen. In Friedenszeiten wurde der Orden nur ab Stabsoffiziere aufw\u00e4rts verliehen. Am 22. Oktober 1820 erfolgte die Umbenennung in Milit\u00e4r-Verdienstorden. Ordensdekoration Das Ordenszeichen ist ein aus &hellip; <\/p>\n<p class=\"link-more\"><a href=\"http:\/\/rokoko.net\/?page_id=102\" class=\"more-link\"><span class=\"screen-reader-text\">\u201eMilit\u00e4r-Verdienstorden Hessen\u201c <\/span>weiterlesen<\/a><\/p>\n","protected":false},"author":1,"featured_media":49,"parent":0,"menu_order":0,"comment_status":"closed","ping_status":"closed","template":"","meta":{"footnotes":""},"class_list":["post-102","page","type-page","status-publish","has-post-thumbnail","hentry"],"_links":{"self":[{"href":"http:\/\/rokoko.net\/index.php?rest_route=\/wp\/v2\/pages\/102","targetHints":{"allow":["GET"]}}],"collection":[{"href":"http:\/\/rokoko.net\/index.php?rest_route=\/wp\/v2\/pages"}],"about":[{"href":"http:\/\/rokoko.net\/index.php?rest_route=\/wp\/v2\/types\/page"}],"author":[{"embeddable":true,"href":"http:\/\/rokoko.net\/index.php?rest_route=\/wp\/v2\/users\/1"}],"replies":[{"embeddable":true,"href":"http:\/\/rokoko.net\/index.php?rest_route=%2Fwp%2Fv2%2Fcomments&post=102"}],"version-history":[{"count":4,"href":"http:\/\/rokoko.net\/index.php?rest_route=\/wp\/v2\/pages\/102\/revisions"}],"predecessor-version":[{"id":256,"href":"http:\/\/rokoko.net\/index.php?rest_route=\/wp\/v2\/pages\/102\/revisions\/256"}],"wp:featuredmedia":[{"embeddable":true,"href":"http:\/\/rokoko.net\/index.php?rest_route=\/wp\/v2\/media\/49"}],"wp:attachment":[{"href":"http:\/\/rokoko.net\/index.php?rest_route=%2Fwp%2Fv2%2Fmedia&parent=102"}],"curies":[{"name":"wp","href":"https:\/\/api.w.org\/{rel}","templated":true}]}}