{"id":104,"date":"2019-04-14T15:06:51","date_gmt":"2019-04-14T15:06:51","guid":{"rendered":"http:\/\/rokoko.net\/?page_id=104"},"modified":"2019-04-16T23:05:48","modified_gmt":"2019-04-16T23:05:48","slug":"orden-vom-goldenen-vlies","status":"publish","type":"page","link":"http:\/\/rokoko.net\/?page_id=104","title":{"rendered":"Orden vom Goldenen Vlies"},"content":{"rendered":"<p style=\"text-align: left;\" align=\"center\"><img loading=\"lazy\" decoding=\"async\" class=\"alignnone size-medium wp-image-205\" src=\"http:\/\/rokoko.net\/wp-content\/uploads\/2019\/04\/IMG_3984-1-300x300.jpg\" alt=\"\" width=\"300\" height=\"300\" srcset=\"http:\/\/rokoko.net\/wp-content\/uploads\/2019\/04\/IMG_3984-1-300x300.jpg 300w, http:\/\/rokoko.net\/wp-content\/uploads\/2019\/04\/IMG_3984-1-150x150.jpg 150w, http:\/\/rokoko.net\/wp-content\/uploads\/2019\/04\/IMG_3984-1-768x768.jpg 768w, http:\/\/rokoko.net\/wp-content\/uploads\/2019\/04\/IMG_3984-1-1024x1024.jpg 1024w, http:\/\/rokoko.net\/wp-content\/uploads\/2019\/04\/IMG_3984-1-100x100.jpg 100w\" sizes=\"auto, (max-width: 300px) 100vw, 300px\" \/> <img loading=\"lazy\" decoding=\"async\" class=\"alignnone size-medium wp-image-206\" src=\"http:\/\/rokoko.net\/wp-content\/uploads\/2019\/04\/IMG_3982-1-276x300.jpg\" alt=\"\" width=\"276\" height=\"300\" srcset=\"http:\/\/rokoko.net\/wp-content\/uploads\/2019\/04\/IMG_3982-1-276x300.jpg 276w, http:\/\/rokoko.net\/wp-content\/uploads\/2019\/04\/IMG_3982-1-768x835.jpg 768w, http:\/\/rokoko.net\/wp-content\/uploads\/2019\/04\/IMG_3982-1-942x1024.jpg 942w\" sizes=\"auto, (max-width: 276px) 100vw, 276px\" \/><br \/>\nDer Orden vom Goldenen Vlies ist ein 1430 gegr\u00fcndeter Ritterorden, also eine nach dem Vorbild der M\u00f6nchsorden gebildete Gemeinschaft von Rittern. Sp\u00e4ter wurde eine Zugeh\u00f6rigkeit immer mehr zu einem vom Kaiser verliehenen Privileg als Belohnung f\u00fcr Verdienste. Das Ordensabzeichen, ein an einer Collane h\u00e4ngendes goldenes Widderfell, erhielt selbst\u00e4ndige Bedeutung und wurde zum Urbild des modernen Verdienstordens. Insofern stellt der Orden vom Goldenen Vlies das Bindeglied zwischen den beiden heutigen Bedeutungen des Wortes \u201eOrden\u201c dar.<\/p>\n<p style=\"text-align: left;\" align=\"center\">Das Ordenszeichen ist das Bild eines Widderfells mit einem blauemaillierten Feuerstein und den Worten: Pretium laborum non vile (Kein geringer Preis der Arbeit).<\/p>\n<p>&nbsp;<\/p>\n","protected":false},"excerpt":{"rendered":"<p>Der Orden vom Goldenen Vlies ist ein 1430 gegr\u00fcndeter Ritterorden, also eine nach dem Vorbild der M\u00f6nchsorden gebildete Gemeinschaft von Rittern. Sp\u00e4ter wurde eine Zugeh\u00f6rigkeit immer mehr zu einem vom Kaiser verliehenen Privileg als Belohnung f\u00fcr Verdienste. Das Ordensabzeichen, ein an einer Collane h\u00e4ngendes goldenes Widderfell, erhielt selbst\u00e4ndige Bedeutung und wurde zum Urbild des modernen &hellip; <\/p>\n<p class=\"link-more\"><a href=\"http:\/\/rokoko.net\/?page_id=104\" class=\"more-link\"><span class=\"screen-reader-text\">\u201eOrden vom Goldenen Vlies\u201c <\/span>weiterlesen<\/a><\/p>\n","protected":false},"author":1,"featured_media":55,"parent":0,"menu_order":0,"comment_status":"closed","ping_status":"closed","template":"","meta":{"footnotes":""},"class_list":["post-104","page","type-page","status-publish","has-post-thumbnail","hentry"],"_links":{"self":[{"href":"http:\/\/rokoko.net\/index.php?rest_route=\/wp\/v2\/pages\/104","targetHints":{"allow":["GET"]}}],"collection":[{"href":"http:\/\/rokoko.net\/index.php?rest_route=\/wp\/v2\/pages"}],"about":[{"href":"http:\/\/rokoko.net\/index.php?rest_route=\/wp\/v2\/types\/page"}],"author":[{"embeddable":true,"href":"http:\/\/rokoko.net\/index.php?rest_route=\/wp\/v2\/users\/1"}],"replies":[{"embeddable":true,"href":"http:\/\/rokoko.net\/index.php?rest_route=%2Fwp%2Fv2%2Fcomments&post=104"}],"version-history":[{"count":7,"href":"http:\/\/rokoko.net\/index.php?rest_route=\/wp\/v2\/pages\/104\/revisions"}],"predecessor-version":[{"id":247,"href":"http:\/\/rokoko.net\/index.php?rest_route=\/wp\/v2\/pages\/104\/revisions\/247"}],"wp:featuredmedia":[{"embeddable":true,"href":"http:\/\/rokoko.net\/index.php?rest_route=\/wp\/v2\/media\/55"}],"wp:attachment":[{"href":"http:\/\/rokoko.net\/index.php?rest_route=%2Fwp%2Fv2%2Fmedia&parent=104"}],"curies":[{"name":"wp","href":"https:\/\/api.w.org\/{rel}","templated":true}]}}