{"id":106,"date":"2019-04-14T15:07:40","date_gmt":"2019-04-14T15:07:40","guid":{"rendered":"http:\/\/rokoko.net\/?page_id=106"},"modified":"2019-04-16T17:33:04","modified_gmt":"2019-04-16T17:33:04","slug":"orden-vom-schwarzen-adler","status":"publish","type":"page","link":"http:\/\/rokoko.net\/?page_id=106","title":{"rendered":"Orden vom Schwarzen Adler"},"content":{"rendered":"<p style=\"text-align: left;\" align=\"center\"><span style=\"font-size: 1rem;\"><img loading=\"lazy\" decoding=\"async\" class=\"size-medium wp-image-218 alignright\" src=\"http:\/\/rokoko.net\/wp-content\/uploads\/2019\/04\/sorden-160x300.png\" alt=\"\" width=\"160\" height=\"300\" srcset=\"http:\/\/rokoko.net\/wp-content\/uploads\/2019\/04\/sorden-160x300.png 160w, http:\/\/rokoko.net\/wp-content\/uploads\/2019\/04\/sorden.png 320w\" sizes=\"auto, (max-width: 160px) 100vw, 160px\" \/><\/span><span style=\"font-size: 1rem;\">Der Hohe Orden vom Schwarzen Adler war der h\u00f6chste preu\u00dfische Orden. Gestiftet wurde er durch Kurf\u00fcrst Friedrich III. von Brandenburg am 17. Januar 1701, dem Tag vor seiner Selbstkr\u00f6nung in K\u00f6nigsberg am 18. Januar 1701.<\/span><\/p>\n<p style=\"text-align: left;\" align=\"center\"><strong> <span id=\"Kleinod\">Kleinod<\/span><\/strong><\/p>\n<p style=\"text-align: left;\" align=\"center\">Das Ordenszeichen des einklassigen Ordens ist ein blauemailliertes Malteserkreuz mit schwarzen gekr\u00f6nten Adlern in den Kreuzwinkeln. In der Mitte befindet sich in einem goldenen Medaillon das verschlungene Monogramm des Stifters <tt>F R<\/tt> (Fridericus Rex). Unter Friedrich Wilhelm II. (reg. 1786\u20131797) zeigt das Medaillon das Monogramm <tt>F W R<\/tt> (Fridericus Wilhelminus Rex). Das Ordenszeichen konnte auch in Brillanten verliehen werden.<\/p>\n<p style=\"text-align: left;\" align=\"center\"><strong> <span id=\"Stern\">Stern<\/span><\/strong><\/p>\n<p style=\"text-align: left;\" align=\"center\">Das Medaillon des achtstrahligen silbernen Ordenssternes zeigt den schwarzen preu\u00dfischen Adler auf orangefarbenem Grund innerhalb der Ordensdevise Suum cuique (dt.: \u201eJedem das Seine\u201c) sowie einen Lorbeerzweig. Bis zur Mitte des 19. Jahrhunderts war der Ordensstern gestickt und wurde an die Uniform gen\u00e4ht. Ab 1810 wurden die ersten Ordenssterne aus Metall verliehen und Friedrich Wilhelm IV. verf\u00fcgte 1858, dass nur noch silberne Ordenssterne zu verleihen sind. Der silberne Ordensstern konnte, wie das Kleinod, auch mit Brillanten verliehen werden. Ritter des Schwarzen Adlerordens, die auch Ritter des englischen Hosenbandordens waren, konnten den Stern des Schwarzen Adlerordens mit dem Hosenband umschlie\u00dfen.<\/p>\n<p style=\"text-align: left;\" align=\"center\"><strong> <span id=\"Band\">Band<\/span><\/strong><\/p>\n<p style=\"text-align: left;\" align=\"center\">Das Kleinod wurde an einer einfarbigen, orangen Sch\u00e4rpe von der linken Schulter zur rechten H\u00fcfte getragen. Das orangefarbene Ordensband war eine Huldigung an das Haus Oranien und Friedrichs holl\u00e4ndische Mutter. Au\u00dferdem verlieh es der Hoffnung auf das Erbe des kinderlosen Oraniers Wilhelm III. von England Ausdruck.<\/p>\n<p style=\"text-align: left;\" align=\"center\"><strong> <span id=\"Ordenskette\">Ordenskette<\/span><\/strong><\/p>\n<p style=\"text-align: left;\" align=\"center\">Als besondere Auszeichnung konnte der Orden mit der Collane (Ordenskette) verliehen werden (z. B. an Otto von Bismarck, der den Orden auch in Brillanten erhielt). Die Kette setzt sich aus zweierlei Arten von Kettengliedern zusammen: ein schwarz emaillierter Adler, der in seinen F\u00e4ngen goldene Donnerkeile tr\u00e4gt und einen blau emaillierten Reif, an dessen Seiten vier K\u00f6nigskronen befestigt sind. Im Inneren des Reifes befindet sich ein wei\u00df emailliertes Medaillon mit der aufgemalten Ordensdevise. Der Reif wird mit dem Medaillon durch die goldenen Initialbuchstaben des Stifters <tt> F R<\/tt> verbunden.<\/p>\n<p>&nbsp;<\/p>\n","protected":false},"excerpt":{"rendered":"<p>Der Hohe Orden vom Schwarzen Adler war der h\u00f6chste preu\u00dfische Orden. Gestiftet wurde er durch Kurf\u00fcrst Friedrich III. von Brandenburg am 17. Januar 1701, dem Tag vor seiner Selbstkr\u00f6nung in K\u00f6nigsberg am 18. Januar 1701. Kleinod Das Ordenszeichen des einklassigen Ordens ist ein blauemailliertes Malteserkreuz mit schwarzen gekr\u00f6nten Adlern in den Kreuzwinkeln. In der Mitte &hellip; <\/p>\n<p class=\"link-more\"><a href=\"http:\/\/rokoko.net\/?page_id=106\" class=\"more-link\"><span class=\"screen-reader-text\">\u201eOrden vom Schwarzen Adler\u201c <\/span>weiterlesen<\/a><\/p>\n","protected":false},"author":1,"featured_media":45,"parent":0,"menu_order":0,"comment_status":"closed","ping_status":"closed","template":"","meta":{"footnotes":""},"class_list":["post-106","page","type-page","status-publish","has-post-thumbnail","hentry"],"_links":{"self":[{"href":"http:\/\/rokoko.net\/index.php?rest_route=\/wp\/v2\/pages\/106","targetHints":{"allow":["GET"]}}],"collection":[{"href":"http:\/\/rokoko.net\/index.php?rest_route=\/wp\/v2\/pages"}],"about":[{"href":"http:\/\/rokoko.net\/index.php?rest_route=\/wp\/v2\/types\/page"}],"author":[{"embeddable":true,"href":"http:\/\/rokoko.net\/index.php?rest_route=\/wp\/v2\/users\/1"}],"replies":[{"embeddable":true,"href":"http:\/\/rokoko.net\/index.php?rest_route=%2Fwp%2Fv2%2Fcomments&post=106"}],"version-history":[{"count":2,"href":"http:\/\/rokoko.net\/index.php?rest_route=\/wp\/v2\/pages\/106\/revisions"}],"predecessor-version":[{"id":219,"href":"http:\/\/rokoko.net\/index.php?rest_route=\/wp\/v2\/pages\/106\/revisions\/219"}],"wp:featuredmedia":[{"embeddable":true,"href":"http:\/\/rokoko.net\/index.php?rest_route=\/wp\/v2\/media\/45"}],"wp:attachment":[{"href":"http:\/\/rokoko.net\/index.php?rest_route=%2Fwp%2Fv2%2Fmedia&parent=106"}],"curies":[{"name":"wp","href":"https:\/\/api.w.org\/{rel}","templated":true}]}}