{"id":108,"date":"2019-04-14T15:08:20","date_gmt":"2019-04-14T15:08:20","guid":{"rendered":"http:\/\/rokoko.net\/?page_id=108"},"modified":"2019-04-16T17:32:14","modified_gmt":"2019-04-16T17:32:14","slug":"orden-vom-weissen-adler","status":"publish","type":"page","link":"http:\/\/rokoko.net\/?page_id=108","title":{"rendered":"Orden vom Wei\u00dfen Adler"},"content":{"rendered":"<p style=\"text-align: left;\" align=\"center\"><span style=\"font-size: 1rem;\"><img loading=\"lazy\" decoding=\"async\" class=\"size-full wp-image-216 alignright\" src=\"http:\/\/rokoko.net\/wp-content\/uploads\/2019\/04\/kleinod.png\" alt=\"\" width=\"220\" height=\"259\" \/>Der Orden des Wei\u00dfen Adlers (polnisch Order Or\u0142a Bia\u0142ego) ist das h\u00f6chste Ehrenzeichen der Dritten Republik Polen und war die h\u00f6chste Auszeichnung der Ersten Republik Polen, des Herzogtums Warschau, Kongresspolens (bis 1831) und der Zweiten Republik Polen (1918\u20131945).<\/span><\/p>\n<p style=\"text-align: left;\" align=\"center\">Der Orden wurde 1705 von dem in Bedr\u00e4ngnis geratenen K\u00f6nig August dem Starken nach dem Vorbild des Schwarzen Adlerordens gestiftet. Wie kaum ein anderes Nationalsymbol spiegelt er die ambivalente polnische Haltung der Anlehnung und Abgrenzung zum protestantischen Preu\u00dfen wider.<\/p>\n<p style=\"text-align: left;\" align=\"center\">Von Kaiser Nikolaus I. dem russischen Ordenssystem im Jahre 1831 einverleibt (russisch \u041e\u0440\u0434\u0435\u043d\u044a \u0411\u0435\u043b\u043e\u0433\u043e \u043e\u0440\u043b\u0430\/Ordjen Bjelogo orla), war er der dritth\u00f6chste kaiserlich-russische Orden und kam im Rang nach dem Orden des Heiligen Andreas und dem Alexander-Newski-Orden.<\/p>\n<p style=\"text-align: left;\" align=\"center\">Nach dem Sturz der meisten europ\u00e4ischen Monarchien mit ihren uralten Orden rangiert heute der Wei\u00dfe Adler (Gr\u00fcndungsjahr 1705) an achter Stelle in der Anciennit\u00e4t der europ\u00e4ischen Orden und der Orden der Welt, hinter dem Christusorden von 1319, dem britischen Hosenbandorden von 1350, dem spanischen Orden vom Goldenen Vlies von 1429, dem d\u00e4nischen Elefanten-Orden (um 1430), dem d\u00e4nischen Dannebrogorden von 1674, dem Schottischen Orden von der Distel von 1687 und dem russischen Orden des Heiligen Andreas des Erstberufenen von 1698.<\/p>\n<p style=\"text-align: left;\" align=\"center\">Das erste Ordenszeichen des Wei\u00dfen Adlers war ein ovales Medaillon. Es war rot emailliert, besa\u00df im Avers eine Abbildung des polnischen Adlers und die Inschrift Pro fide, rege et lege und im Revers das k\u00f6nigliche Monogramm AR (Augustus Rex, August II. (Polen)), das von einem gr\u00fcnen Lorbeerkranz umgeben war. Das Medaillon wurde an einem schmalen blauen Band um den Hals getragen.<\/p>\n<p style=\"text-align: left;\" align=\"center\">Um 1710 ersetzte man die Medaille durch das rot emaillierte Kreuz, das im Avers die Abbildung des Wei\u00dfen Adlers trug und an einer goldenen K\u00f6nigskrone hing. Im Revers besa\u00df das Kreuz ein wei\u00dfes Medaillon mit dem k\u00f6niglichen Monogramm AR, und unter diesem ein kleines wei\u00dfes Kreuz, welches sich auf die zwei gekreuzten Schwerter der Dynastie Wettin st\u00fctzte. S\u00e4mtliche Ordenskreuze und -sterne waren brillantiert. Die Aufh\u00e4ngung an der K\u00f6nigskrone wurde bald abgeschafft. Der in Silber gestickte Ordensstern war achtstrahlig und trug ein silbernes Ordenskreuz mit der Inschrift Pro fide, rege et lege (bei den Insignien des Souver\u00e4ns Pro fide, rege et grege). Das Kreuz wurde an einer wei\u00dfen Sch\u00e4rpe mit zwei beiderseitigen roten Streifen getragen, die aber schon 1713 durch die bis heute gebr\u00e4uchliche hellblaue ersetzt wurde. In dieser Form bestand der Orden bis zum Tod des K\u00f6nigs August III. 1763. Die Ordenskette (Collane), die nur vom K\u00f6nig getragen werden durfte, bestand aus wei\u00dfen gekr\u00f6nten polnischen Adlern mit vollen Regalien und abwechselnd aus ovalen Medaillons mit dem Monogramm AR. K\u00f6nig Stanislaus II. August, der ab 1764 regierte, entfernte das Monogramm AR vom Revers und ersetzte es durch den Namen Maria in einem kunstvollen Monogramm. Die Brillantierung des Kreuzes und des Bruststerns wurde abgeschafft. Auf der Collane wurden die Wettiner Monogramme durch ovale, blau emaillierte Medaillons mit dem Namen Maria ersetzt. Dieses Aussehen behielten die Insignien des Wei\u00dfen Adlers bis zur Dritten Teilung Polens im Jahre 1795.<\/p>\n<p style=\"text-align: left;\" align=\"center\"><strong> <span id=\"Herzogtum_Warschau_und_Kongressk.C3.B6nigreich_Polen_1807.E2.80.931831\"> Herzogtum Warschau und Kongressk\u00f6nigreich Polen 1807\u20131831<\/span><\/strong><\/p>\n<p style=\"text-align: left;\" align=\"center\">Der Avers des Kreuzes blieb unver\u00e4ndert, der Revers war rot emailliert, in der Mitte ein goldenes Medaillon mit einem wei\u00dfen gekr\u00f6nten Kreuz, das von den blauen Buchstaben FA (Friedrich August I., K\u00f6nig von Sachsen und Herzog von Warschau) umschlungen war. Die Arme des Kreuzes im Revers trugen die Inschrift Pro fide, rege et lege. Die Insignien des Staatsoberhauptes trugen die Inschrift Pro fide, lege et grege (\u201eF\u00fcr Glauben, Gesetz und Nation\u201c).<\/p>\n<p style=\"text-align: left;\" align=\"center\">Der Ordensstern war golden und trug das Ordenskreuz (ohne den Adler), mit der Inschrift Pro fide, lege et rege auf den Armen. Zu Sch\u00e4rpe und Trageweise siehe oben (Von 1921 bis heute).<\/p>\n","protected":false},"excerpt":{"rendered":"<p>Der Orden des Wei\u00dfen Adlers (polnisch Order Or\u0142a Bia\u0142ego) ist das h\u00f6chste Ehrenzeichen der Dritten Republik Polen und war die h\u00f6chste Auszeichnung der Ersten Republik Polen, des Herzogtums Warschau, Kongresspolens (bis 1831) und der Zweiten Republik Polen (1918\u20131945). Der Orden wurde 1705 von dem in Bedr\u00e4ngnis geratenen K\u00f6nig August dem Starken nach dem Vorbild des &hellip; <\/p>\n<p class=\"link-more\"><a href=\"http:\/\/rokoko.net\/?page_id=108\" class=\"more-link\"><span class=\"screen-reader-text\">\u201eOrden vom Wei\u00dfen Adler\u201c <\/span>weiterlesen<\/a><\/p>\n","protected":false},"author":1,"featured_media":46,"parent":0,"menu_order":0,"comment_status":"closed","ping_status":"closed","template":"","meta":{"footnotes":""},"class_list":["post-108","page","type-page","status-publish","has-post-thumbnail","hentry"],"_links":{"self":[{"href":"http:\/\/rokoko.net\/index.php?rest_route=\/wp\/v2\/pages\/108","targetHints":{"allow":["GET"]}}],"collection":[{"href":"http:\/\/rokoko.net\/index.php?rest_route=\/wp\/v2\/pages"}],"about":[{"href":"http:\/\/rokoko.net\/index.php?rest_route=\/wp\/v2\/types\/page"}],"author":[{"embeddable":true,"href":"http:\/\/rokoko.net\/index.php?rest_route=\/wp\/v2\/users\/1"}],"replies":[{"embeddable":true,"href":"http:\/\/rokoko.net\/index.php?rest_route=%2Fwp%2Fv2%2Fcomments&post=108"}],"version-history":[{"count":3,"href":"http:\/\/rokoko.net\/index.php?rest_route=\/wp\/v2\/pages\/108\/revisions"}],"predecessor-version":[{"id":217,"href":"http:\/\/rokoko.net\/index.php?rest_route=\/wp\/v2\/pages\/108\/revisions\/217"}],"wp:featuredmedia":[{"embeddable":true,"href":"http:\/\/rokoko.net\/index.php?rest_route=\/wp\/v2\/media\/46"}],"wp:attachment":[{"href":"http:\/\/rokoko.net\/index.php?rest_route=%2Fwp%2Fv2%2Fmedia&parent=108"}],"curies":[{"name":"wp","href":"https:\/\/api.w.org\/{rel}","templated":true}]}}