{"id":112,"date":"2019-04-14T15:09:30","date_gmt":"2019-04-14T15:09:30","guid":{"rendered":"http:\/\/rokoko.net\/?page_id=112"},"modified":"2019-04-16T17:39:49","modified_gmt":"2019-04-16T17:39:49","slug":"philosophie","status":"publish","type":"page","link":"http:\/\/rokoko.net\/?page_id=112","title":{"rendered":"Philosophie"},"content":{"rendered":"<p><span style=\"font-size: 1rem;\"><img loading=\"lazy\" decoding=\"async\" class=\"size-medium wp-image-233 alignright\" src=\"http:\/\/rokoko.net\/wp-content\/uploads\/2019\/04\/degen-300x148.jpg\" alt=\"\" width=\"300\" height=\"148\" srcset=\"http:\/\/rokoko.net\/wp-content\/uploads\/2019\/04\/degen-300x148.jpg 300w, http:\/\/rokoko.net\/wp-content\/uploads\/2019\/04\/degen-768x379.jpg 768w, http:\/\/rokoko.net\/wp-content\/uploads\/2019\/04\/degen-1024x506.jpg 1024w, http:\/\/rokoko.net\/wp-content\/uploads\/2019\/04\/degen.jpg 1800w\" sizes=\"auto, (max-width: 300px) 100vw, 300px\" \/>Aufgrund des Interesses am Zeitalter des <\/span><span style=\"font-size: 1rem;\">17. und 18. Jahrhunderts (Sp\u00e4tbarock, Rokoko 1715 &#8211; 1775)\u00a0 entsprang die Idee f\u00fcr eine k\u00fcnstlerisch interpretierte, historisch angen\u00e4herte (historisch informierte) Darstellung. Was w\u00e4re in galanter Gesellschaft ein Fest dieses Zeitalters an Gestaltung ohne am\u00fcsantes Geplauder, dem knisternden Rascheln von Seide, Tanz, Musik und geistvoller Unterhaltung. Auf ihm zeigt sich die h\u00f6fische Welt, von der puderigen Eleganz der anmutigen Damen bis zur verfeinerten Arroganz der galanten Herren. Dazu kam die Faszination an den ausschweifenden Formen dieses Zeitalters.<\/span><\/p>\n<p>Im Mittelpunkt sollte das &#8222;Reenactment&#8220;, die Wiederauff\u00fchrung eines geschichtlich dokumentierten Ereignisses, etwa einer Schlacht oder einer F\u00fcrstenhochzeit und &#8222;Living History&#8220;, die Darstellung des h\u00f6fischen Lebens im 18. Jahrhundert stehen. Beide Konzepte schlie\u00dfen sich allerdings nicht aus, erg\u00e4nzen sich sogar oft gut. Die Frage der Authentik war schwierig zu beantworten. Ein Gedanke war, da alles nur ein Kompromiss ist, wie weit der Kompromiss gehen darf. Deshalb w\u00fcnsche ich mir einen Mindeststandard f\u00fcr ein ann\u00e4hernd historisches Gesamtbild. Das hei\u00dft z.B. Karnevalskost\u00fcme, Polyester, Lurex, Plastikper\u00fccken, Reisverschl\u00fcssen etc. wie auf so manchen Barockfesten, die mehr an Mittelalterm\u00e4rkte als an glaubhafte Darstellung erinnern, sind nicht erw\u00fcnscht. Liebe, Begeisterung und Interesse am Leben des Sp\u00e4tbarocks und Rokokos\u00a0halfen \u00fcber Schwierigkeiten am Anfang hinweg. Nach Zusammenstellung der Garderoben und Lagergegenst\u00e4nde besteht die Bestrebung auf Veranstaltungen des 18. Jahrhunderts entweder als Einzeldarsteller bzw. mit Gleichgesinnten mitzuwirken.<\/p>\n<p>Das Leben im 18. Jahrhundert (1715 -1775) soll ann\u00e4hernd, glaubhaft, historisch u.a. auf h\u00f6fischen B\u00e4llen, Soireen oder im eigenen Lager\u00a0dargestellt werden. Dabei lege ich besonderen Wert auf Gardrobe, Etikette, usw. Allerlei Lustbarkeiten, Musik, Tanz, Spiele und vieles mehr werden den edlen Herrschaften zum Am\u00fcsement geboten. Um die Darstellung so fundiert historisch wie m\u00f6glich zu gestalten, werden Museen besucht, Fachliteratur und Literatur der zeit, die eine Grundlage bildet, gelesen oder geschichtliche Vortr\u00e4ge angeh\u00f6rt. Dazu sind viele Ausr\u00fcstungsgegenst\u00e4nde des Sp\u00e4tbarocks und Rokokos\u00a0(z.B. wie Lagerzelte, M\u00f6bel usw.) angeschafft worden. Das Lager ist zeitgen\u00f6ssisch gestaltet worden, deswegen wird man keine Cola Flaschen, Plastikbecher usw. finden. Das Essen wird nat\u00fcrlich \u00fcber offenem Feuer zubereitet.<\/p>\n<p>Ich w\u00fcrde mich an Gleichgesinnten freuen, die Interesse am Leben des Sp\u00e4tbarocks und Rokokos (1715 &#8211; 1775) haben und Spa\u00df am &#8222;Reenactment&#8220; und &#8222;Living History&#8220; mitbringen. Bei Veranstaltungen wird gew\u00fcnscht in ordentlicher zeitgen\u00f6ssischer Kleidung\u00a0entsprechend seiner Person, die er verk\u00f6rpert, zu erscheinen.\u00a0Es wird sich gefreut \u00fcber engagierte Gleichgesinnte, die am Leben des 18. Jahrhunderts begeistert sind.<\/p>\n<p>Das Ziel ist es einen engen geschichtlichen Zeitraum fundiert aufzuarbeiten und diesen glaubhaft darzustellen. Auch f\u00fcr Fachleute und Hobbyforscher sind greifbare und erlebbare Geschichte von steigendem Interesse. Jeder ist willkommen, der Engagement einbringt.<\/p>\n","protected":false},"excerpt":{"rendered":"<p>Aufgrund des Interesses am Zeitalter des 17. und 18. Jahrhunderts (Sp\u00e4tbarock, Rokoko 1715 &#8211; 1775)\u00a0 entsprang die Idee f\u00fcr eine k\u00fcnstlerisch interpretierte, historisch angen\u00e4herte (historisch informierte) Darstellung. Was w\u00e4re in galanter Gesellschaft ein Fest dieses Zeitalters an Gestaltung ohne am\u00fcsantes Geplauder, dem knisternden Rascheln von Seide, Tanz, Musik und geistvoller Unterhaltung. Auf ihm zeigt sich &hellip; <\/p>\n<p class=\"link-more\"><a href=\"http:\/\/rokoko.net\/?page_id=112\" class=\"more-link\"><span class=\"screen-reader-text\">\u201ePhilosophie\u201c <\/span>weiterlesen<\/a><\/p>\n","protected":false},"author":1,"featured_media":26,"parent":0,"menu_order":0,"comment_status":"closed","ping_status":"closed","template":"","meta":{"footnotes":""},"class_list":["post-112","page","type-page","status-publish","has-post-thumbnail","hentry"],"_links":{"self":[{"href":"http:\/\/rokoko.net\/index.php?rest_route=\/wp\/v2\/pages\/112","targetHints":{"allow":["GET"]}}],"collection":[{"href":"http:\/\/rokoko.net\/index.php?rest_route=\/wp\/v2\/pages"}],"about":[{"href":"http:\/\/rokoko.net\/index.php?rest_route=\/wp\/v2\/types\/page"}],"author":[{"embeddable":true,"href":"http:\/\/rokoko.net\/index.php?rest_route=\/wp\/v2\/users\/1"}],"replies":[{"embeddable":true,"href":"http:\/\/rokoko.net\/index.php?rest_route=%2Fwp%2Fv2%2Fcomments&post=112"}],"version-history":[{"count":4,"href":"http:\/\/rokoko.net\/index.php?rest_route=\/wp\/v2\/pages\/112\/revisions"}],"predecessor-version":[{"id":236,"href":"http:\/\/rokoko.net\/index.php?rest_route=\/wp\/v2\/pages\/112\/revisions\/236"}],"wp:featuredmedia":[{"embeddable":true,"href":"http:\/\/rokoko.net\/index.php?rest_route=\/wp\/v2\/media\/26"}],"wp:attachment":[{"href":"http:\/\/rokoko.net\/index.php?rest_route=%2Fwp%2Fv2%2Fmedia&parent=112"}],"curies":[{"name":"wp","href":"https:\/\/api.w.org\/{rel}","templated":true}]}}