{"id":114,"date":"2019-04-14T15:09:55","date_gmt":"2019-04-14T15:09:55","guid":{"rendered":"http:\/\/rokoko.net\/?page_id=114"},"modified":"2019-04-14T15:09:55","modified_gmt":"2019-04-14T15:09:55","slug":"portraet-general-martin-ernst-von-schlieffen","status":"publish","type":"page","link":"http:\/\/rokoko.net\/?page_id=114","title":{"rendered":"Portr\u00e4t General Martin Ernst von Schlieffen"},"content":{"rendered":"<p>Portr\u00e4t General Martin Ernst von Schlieffen<br \/>\nbez. u.l.: Aug.Embden 1818<br \/>\nMaterial: Leinwand<br \/>\nMa\u00dfe: 68 x 56,8 cm<br \/>\nDatierung:1818<br \/>\nProvenienz: erworben 1969 als Geschenk von Dr. Rolph Grosse, Frankfurt\/M.<br \/>\n<abbr title=\"Inventar Nummer\">Inv.-Nr.:<\/abbr> 1875\/1478<\/p>\n<p>Brustbild in blauer Generalsuniform mit rotem, goldbesticktem Kragen und gelbem Schulterband. Am Hals tr\u00e4gt er den hessischen Orden Vertu militaire und dar\u00fcber den preu\u00dfischen Roten Adlerorden, auf der Uniform die Bruststerne zum Gro\u00dfkreuz des preu\u00dfischen Schwarzen Adlerordens und des hessischen Hausordens vom Goldenen L\u00f6wen.<br \/>\nMartin Ernst von Schlieffen (1732-1825) trat schon mit 13 Jahren in ein preu\u00dfisches Regiment ein. Wegen einer Krankheit in Preu\u00dfen verabschiedet, trat er 1757 in hessen-kasselsche Dienste. Hier r\u00fcckte er vom F\u00e4hnrich bis zum Generaladjutanten des Landgrafen Friedrich II. (1763) auf, 1772 wurde er Generalleutnant und Staatsminister. Nach dem Tode des Landgrafen Friedrich II. und dem des K\u00f6nigs Friedrich II. von Preu\u00dfen, der ihm nicht gewogen gewesen war, ging er wieder in preu\u00dfische Dienste. 1789 wurde Schlieffen Gouverneur von Wesel und mehrfach mit diplomatischen Auftr\u00e4gen betraut. 1792 nahm er seinen Abschied, da nicht er, sondern Herzog Karl Wilhelm Ferdinand von Braunschweig mit dem Frankreich-Feldzug betraut wurde. Den Oberbefehl des franz\u00f6sischen Heeres als Marschall von Frankreich lehnte er aus patriotischen Gr\u00fcnden ab. Seitdem lebte er auf seinem Gut in Windhausen bei Kassel und widmete sich den Wissenschaften. 1813 bot er beim Angriff der Russen auf Kassel K\u00f6nig J\u00e9rome seine Dienste an und erhielt das Gro\u00dfkreuz des Ordens der Westph\u00e4lischen Krone. Seine Lebensgeschichte ver\u00f6ffentlichte er unter dem Titel: &#8222;Einige Betreffnisse und Erlebungen Martin Ernsts von Schlieffen&#8220;. Als Sonderling bekannt, starb er am 15.9.1825. Die Ablehnung des franz\u00f6sischen Marschallranges ist dargestellt in seinem ganzfigurigen Portr\u00e4t von Wilhelm B\u00f6ttner, datiert 1794, das sich in Kassel in Schloss Wilhelmsh\u00f6he im Wei\u00dfensteinfl\u00fcgel befindet (A. Worninger, Bildnisse hessischer Heerf\u00fchrer im Hessischen Landesmuseum zu Kassel, 1936, Nr. 36 und Titelblatt).<\/p>\n<p>A. Worninger, Martin Ernst von Schlieffen und Windhausen, in: Hessenland 35 (1921), S. 145-147.<\/p>\n","protected":false},"excerpt":{"rendered":"<p>Portr\u00e4t General Martin Ernst von Schlieffen bez. u.l.: Aug.Embden 1818 Material: Leinwand Ma\u00dfe: 68 x 56,8 cm Datierung:1818 Provenienz: erworben 1969 als Geschenk von Dr. Rolph Grosse, Frankfurt\/M. Inv.-Nr.: 1875\/1478 Brustbild in blauer Generalsuniform mit rotem, goldbesticktem Kragen und gelbem Schulterband. Am Hals tr\u00e4gt er den hessischen Orden Vertu militaire und dar\u00fcber den preu\u00dfischen Roten &hellip; <\/p>\n<p class=\"link-more\"><a href=\"http:\/\/rokoko.net\/?page_id=114\" class=\"more-link\"><span class=\"screen-reader-text\">\u201ePortr\u00e4t General Martin Ernst von Schlieffen\u201c <\/span>weiterlesen<\/a><\/p>\n","protected":false},"author":1,"featured_media":67,"parent":0,"menu_order":0,"comment_status":"closed","ping_status":"closed","template":"","meta":{"footnotes":""},"class_list":["post-114","page","type-page","status-publish","has-post-thumbnail","hentry"],"_links":{"self":[{"href":"http:\/\/rokoko.net\/index.php?rest_route=\/wp\/v2\/pages\/114","targetHints":{"allow":["GET"]}}],"collection":[{"href":"http:\/\/rokoko.net\/index.php?rest_route=\/wp\/v2\/pages"}],"about":[{"href":"http:\/\/rokoko.net\/index.php?rest_route=\/wp\/v2\/types\/page"}],"author":[{"embeddable":true,"href":"http:\/\/rokoko.net\/index.php?rest_route=\/wp\/v2\/users\/1"}],"replies":[{"embeddable":true,"href":"http:\/\/rokoko.net\/index.php?rest_route=%2Fwp%2Fv2%2Fcomments&post=114"}],"version-history":[{"count":1,"href":"http:\/\/rokoko.net\/index.php?rest_route=\/wp\/v2\/pages\/114\/revisions"}],"predecessor-version":[{"id":115,"href":"http:\/\/rokoko.net\/index.php?rest_route=\/wp\/v2\/pages\/114\/revisions\/115"}],"wp:featuredmedia":[{"embeddable":true,"href":"http:\/\/rokoko.net\/index.php?rest_route=\/wp\/v2\/media\/67"}],"wp:attachment":[{"href":"http:\/\/rokoko.net\/index.php?rest_route=%2Fwp%2Fv2%2Fmedia&parent=114"}],"curies":[{"name":"wp","href":"https:\/\/api.w.org\/{rel}","templated":true}]}}