{"id":120,"date":"2019-04-14T15:11:38","date_gmt":"2019-04-14T15:11:38","guid":{"rendered":"http:\/\/rokoko.net\/?page_id=120"},"modified":"2026-01-17T18:43:23","modified_gmt":"2026-01-17T18:43:23","slug":"reference","status":"publish","type":"page","link":"http:\/\/rokoko.net\/?page_id=120","title":{"rendered":"R\u00e9f\u00e9rence"},"content":{"rendered":"<h1 style=\"text-align: center;\"><strong>Collaboration<\/strong><\/h1>\n<p align=\"center\"><strong>Laudatio<\/strong><\/p>\n<p align=\"center\">Baroque Noble m\u00f6chte sich recht herzlich bei allen Pers\u00f6nlichkeiten und Vereinen f\u00fcr die Hilfe und die friedvolle, freundschaftliche Zusammenarbeit bedanken.<\/p>\n<p align=\"center\"><strong>Hochachtungsvoll<\/strong><\/p>\n<p align=\"center\"><strong>Mika Nyke Lou A\u00dfhauer<\/strong><\/p>\n<h2 align=\"center\"><strong>Lohnende Amusements f\u00fcr viel niveauvolles und sch\u00f6nes Plaisir<\/strong><\/h2>\n<p align=\"center\">Cour de Cassel <a href=\"http:\/\/www.cour-de-cassel.blogspot.de\/\" target=\"_blank\" rel=\"noopener noreferrer\"> www.cour-de-cassel.blogspot.de<\/a><\/p>\n<p align=\"center\">Early Dance <a href=\"http:\/\/www.early-dance.de\/\" target=\"_blank\" rel=\"noopener noreferrer\"> www.early-dance.de<\/a><\/p>\n<p align=\"center\">Gesellschaft f\u00fcr hessische Milit\u00e4r- und Zivilgeschichte <a href=\"http:\/\/www.hessen-militaer.de\/\" target=\"_blank\" rel=\"noopener noreferrer\">www.hessen-militaer.de<\/a><\/p>\n<p align=\"center\">IG &#8222;Der Dreispitz&#8220; Traditionsvereine des 18. Jahrhunderts <a href=\"http:\/\/www.der-dreispitz.de\/\" target=\"_blank\" rel=\"noopener noreferrer\"> www.der-dreispitz.de<\/a><\/p>\n<p align=\"center\">18. Jahrhundert <a href=\"http:\/\/www.18tes-jahrhundert.de\/\" target=\"_blank\" rel=\"noopener noreferrer\"> www.18tes-jahrhundert.de<\/a><\/p>\n<p>&nbsp;<\/p>\n","protected":false},"excerpt":{"rendered":"<p>Collaboration Laudatio Baroque Noble m\u00f6chte sich recht herzlich bei allen Pers\u00f6nlichkeiten und Vereinen f\u00fcr die Hilfe und die friedvolle, freundschaftliche Zusammenarbeit bedanken. Hochachtungsvoll Mika Nyke Lou A\u00dfhauer Lohnende Amusements f\u00fcr viel niveauvolles und sch\u00f6nes Plaisir Cour de Cassel www.cour-de-cassel.blogspot.de Early Dance www.early-dance.de Gesellschaft f\u00fcr hessische Milit\u00e4r- und Zivilgeschichte www.hessen-militaer.de IG &#8222;Der Dreispitz&#8220; Traditionsvereine des 18. &hellip; <\/p>\n<p class=\"link-more\"><a href=\"http:\/\/rokoko.net\/?page_id=120\" class=\"more-link\"><span class=\"screen-reader-text\">\u201eR\u00e9f\u00e9rence\u201c <\/span>weiterlesen<\/a><\/p>\n","protected":false},"author":1,"featured_media":6,"parent":0,"menu_order":0,"comment_status":"closed","ping_status":"closed","template":"","meta":{"footnotes":""},"class_list":["post-120","page","type-page","status-publish","has-post-thumbnail","hentry"],"_links":{"self":[{"href":"http:\/\/rokoko.net\/index.php?rest_route=\/wp\/v2\/pages\/120","targetHints":{"allow":["GET"]}}],"collection":[{"href":"http:\/\/rokoko.net\/index.php?rest_route=\/wp\/v2\/pages"}],"about":[{"href":"http:\/\/rokoko.net\/index.php?rest_route=\/wp\/v2\/types\/page"}],"author":[{"embeddable":true,"href":"http:\/\/rokoko.net\/index.php?rest_route=\/wp\/v2\/users\/1"}],"replies":[{"embeddable":true,"href":"http:\/\/rokoko.net\/index.php?rest_route=%2Fwp%2Fv2%2Fcomments&post=120"}],"version-history":[{"count":3,"href":"http:\/\/rokoko.net\/index.php?rest_route=\/wp\/v2\/pages\/120\/revisions"}],"predecessor-version":[{"id":267,"href":"http:\/\/rokoko.net\/index.php?rest_route=\/wp\/v2\/pages\/120\/revisions\/267"}],"wp:featuredmedia":[{"embeddable":true,"href":"http:\/\/rokoko.net\/index.php?rest_route=\/wp\/v2\/media\/6"}],"wp:attachment":[{"href":"http:\/\/rokoko.net\/index.php?rest_route=%2Fwp%2Fv2%2Fmedia&parent=120"}],"curies":[{"name":"wp","href":"https:\/\/api.w.org\/{rel}","templated":true}]}}