{"id":122,"date":"2019-04-14T15:12:03","date_gmt":"2019-04-14T15:12:03","guid":{"rendered":"http:\/\/rokoko.net\/?page_id=122"},"modified":"2019-04-14T15:12:03","modified_gmt":"2019-04-14T15:12:03","slug":"ueber","status":"publish","type":"page","link":"http:\/\/rokoko.net\/?page_id=122","title":{"rendered":"\u00dcber"},"content":{"rendered":"<h1><strong>Seid gegr\u00fc\u00dft,<\/strong><\/h1>\n<p>ich bin ein philosophisch, literarisch und musisch sehr interessierter Freigeist. Besonders interessiere ich mich f\u00fcr das Sp\u00e4tbarock und Rokoko, vor allem die Zeit von 1715 bis 1775.\u00a0 Am 18. Jahrhundert liebe ich leidenschaftlich: Musik, Kunst, Lebensart und vor allem die Moden. Aufgrund meiner Begeisterung am Leben dieses Zeitalters entsprang die Idee selber als Einzeldarsteller oder mit Gleichgesinnten das h\u00f6fische Leben des Sp\u00e4tbarocks und des Rokokos historisch angen\u00e4hert (historisch informiert) darzustellen. Was w\u00e4re in galanter Gesellschaft ein Fest dieses Zeitalters an Gestaltung ohne am\u00fcsantes und geistvolles Geplauder, dem knisternden Rascheln von Seide, Tanz und Musik. Hier zeigt sich die h\u00f6fische Welt, von der puderigen Eleganz der anmutigen Damen bis zur verfeinerten Arroganz der galanten Herren. Dazu kam die Faszination an den ausschweifenden Formen dieses Zeitalters. Mein ganzes Lebensgef\u00fchl, meine Tr\u00e4ume und Sehns\u00fcchte projiziere ich in meine Gardrobe, die ich nach wissenschaftlicher Recherche anfertigen gelassen habe, und die mir unheimlich wichtig ist. Dem Charme der Epoche bin ich schon seit einiger Zeit erlegen und konnte mir inzwischen auch schon den einen oder anderen Traum verwirklichen. Im Mittelpunkt sollte das Reenactment\u00a0 die Wiederauff\u00fchrung eines historisch dokumentierten Ereignisses, etwa einer Schlacht oder einer F\u00fcrstenhochzeit und &#8222;Living History&#8220;, die Darstellung des h\u00f6fisches Lebens im 18. Jahrhundert f\u00fcr mich stehen. Beide Konzepte schlie\u00dfen sich allerdings nicht aus, erg\u00e4nzen sich sogar oft gut. Das Studieren der damaligen Sitten und Gebr\u00e4uche l\u00e4sst mich immer wieder dem Alltagstrott entfliehen. Mich freut es immer viele nette, niveauvolle, interessierte, kreative Gleichgesinnte zum Austausch von Erfahrungen als auch gesellschaftlichen Umgangsformen kennen zu lernen.<\/p>\n<h4><strong>Vive la Joie!<\/strong><\/h4>\n<h2><strong>Hochachtungsvoll<\/strong><\/h2>\n<p><strong>Lars Klaus A\u00dfhauer<\/strong><\/p>\n","protected":false},"excerpt":{"rendered":"<p>Seid gegr\u00fc\u00dft, ich bin ein philosophisch, literarisch und musisch sehr interessierter Freigeist. Besonders interessiere ich mich f\u00fcr das Sp\u00e4tbarock und Rokoko, vor allem die Zeit von 1715 bis 1775.\u00a0 Am 18. Jahrhundert liebe ich leidenschaftlich: Musik, Kunst, Lebensart und vor allem die Moden. Aufgrund meiner Begeisterung am Leben dieses Zeitalters entsprang die Idee selber als &hellip; <\/p>\n<p class=\"link-more\"><a href=\"http:\/\/rokoko.net\/?page_id=122\" class=\"more-link\"><span class=\"screen-reader-text\">\u201e\u00dcber\u201c <\/span>weiterlesen<\/a><\/p>\n","protected":false},"author":1,"featured_media":37,"parent":0,"menu_order":0,"comment_status":"closed","ping_status":"closed","template":"","meta":{"footnotes":""},"class_list":["post-122","page","type-page","status-publish","has-post-thumbnail","hentry"],"_links":{"self":[{"href":"http:\/\/rokoko.net\/index.php?rest_route=\/wp\/v2\/pages\/122","targetHints":{"allow":["GET"]}}],"collection":[{"href":"http:\/\/rokoko.net\/index.php?rest_route=\/wp\/v2\/pages"}],"about":[{"href":"http:\/\/rokoko.net\/index.php?rest_route=\/wp\/v2\/types\/page"}],"author":[{"embeddable":true,"href":"http:\/\/rokoko.net\/index.php?rest_route=\/wp\/v2\/users\/1"}],"replies":[{"embeddable":true,"href":"http:\/\/rokoko.net\/index.php?rest_route=%2Fwp%2Fv2%2Fcomments&post=122"}],"version-history":[{"count":1,"href":"http:\/\/rokoko.net\/index.php?rest_route=\/wp\/v2\/pages\/122\/revisions"}],"predecessor-version":[{"id":123,"href":"http:\/\/rokoko.net\/index.php?rest_route=\/wp\/v2\/pages\/122\/revisions\/123"}],"wp:featuredmedia":[{"embeddable":true,"href":"http:\/\/rokoko.net\/index.php?rest_route=\/wp\/v2\/media\/37"}],"wp:attachment":[{"href":"http:\/\/rokoko.net\/index.php?rest_route=%2Fwp%2Fv2%2Fmedia&parent=122"}],"curies":[{"name":"wp","href":"https:\/\/api.w.org\/{rel}","templated":true}]}}