{"id":130,"date":"2019-04-14T15:13:57","date_gmt":"2019-04-14T15:13:57","guid":{"rendered":"http:\/\/rokoko.net\/?page_id=130"},"modified":"2019-04-14T15:13:57","modified_gmt":"2019-04-14T15:13:57","slug":"warum-aachener-erklaerung","status":"publish","type":"page","link":"http:\/\/rokoko.net\/?page_id=130","title":{"rendered":"Warum Aachener Erkl\u00e4rung"},"content":{"rendered":"<p><strong>Living History &#8211; gelebte und lebendige Geschichte<\/strong><\/p>\n<p>Geschichte ist keinesfalls etwas Abgeschlossenes, Totes ohne Bezug zu aktuellen Entwicklungen, Ereignissen und Personen.<\/p>\n<p>Geschichte ist die Basis, das Geschehene, auf dem alles Folgende aufbaut. Man kann das Heute nicht verstehen, wenn man nicht wei\u00df, wie es zustande gekommen ist.<\/p>\n<p>Living History entwickelt sich immer st\u00e4rker zu einem Mittel der popul\u00e4ren Geschichtsvermittlung in unseren Museen und Medien. Und selbst Darsteller, die einen solchen Anspruch f\u00fcr sich selbst gar nicht erheben, pr\u00e4gen das popul\u00e4re Geschichtsbild dennoch mit, sobald sie sich in der \u00d6ffentlichkeit bewegen.<\/p>\n<p>In diesem Zusammenhang ist es wichtig, das Bild der Vergangenheit, das an sich schon nur ein Konstrukt der Wissenschaft darstellt, nicht durch pers\u00f6nliche Unzul\u00e4nglichkeiten oder eine eigene politische oder religi\u00f6se Agenda noch weiter zu verf\u00e4lschen.<\/p>\n<p>Das Ziel der Aachener Erkl\u00e4rung ist es, die Living History f\u00fcr diese Gefahren zu sensibilisieren und ihre Glaubw\u00fcrdigkeit gegen\u00fcber der Gesellschaft zu st\u00e4rken.<\/p>\n<p>Vielleicht kann sie auch der Ansto\u00df dazu sein, dass sich Darsteller zusammenfinden und gemeinsam L\u00f6sungen diskutieren.<\/p>\n<p><strong>Pressetext der Initiatoren Andreas Sturm &amp; Sybille A. Beyer zur Aachener Erkl\u00e4rung<\/strong><\/p>\n<p><em>Der Vorfall um die SS-T\u00e4towierung bei der Er\u00f6ffnung der Ausstellung &#8222;Eine Welt in Bewegung&#8220; in Paderborn hat nach der <a href=\"http:\/\/www.uni-muenster.de\/UrFruehGeschichte\/Mannheim.html\" target=\"_blank\" rel=\"noopener noreferrer\"> Mannheimer Erkl\u00e4rung<\/a> in den Reihen der Living Historians wie auch der Wissenschaft ein gro\u00dfes Echo hervorgerufen. Wir waren zu einer daraufhin einberufenen Podiumsdiskussion nach Paderborn gekommen und sehr best\u00fcrzt \u00fcber die Emotionalit\u00e4t der Debatte. Die Verunsicherung und auch Ratlosigkeit in Teilen des Publikums war regelrecht mit den H\u00e4nden greifbar. Unkenntnis \u00fcber die jungen Ph\u00e4nomene &#8222;Living History&#8220; und &#8222;Reenactment&#8220; vermischte sich mit den \u00c4ngsten vor Rechtsradikalismus und einem christenfeindlichen Neuheidentum.<\/em><\/p>\n<p><em>An diesem Tag wurde uns deutlich, dass sich ein enormer Vertrauensverlust in der Wissenschaft und den Museen abzuzeichnen begann und alle Geschichtsdarsteller in Gefahr waren, in Generalverdacht genommen zu werden.<\/em><\/p>\n<p><em>Dies schmerzte uns umso mehr, als wir erst wenige Wochen zuvor auf einer Fachtagung im Freilichtmuseum Kiekeberg das junge Pfl\u00e4nzchen &#8222;Living History in Freilichtmuseen&#8220; unter positiven Vorzeichen mit Vertretern der internationalen Museumslandschaft diskutiert hatten. Bald kam deshalb in uns der Wunsch auf, ein deutliches Zeichen zu setzen f\u00fcr die Integrit\u00e4t der Mehrheit der deutschen Geschichtsdarsteller, damit Living History als Ganzes nicht durch Einzelne diskreditiert w\u00fcrde. Daraus entstand schlie\u00dflich die Aachener Erkl\u00e4rung.<\/em><\/p>\n<p><strong>Warum der Name?<\/strong><\/p>\n<p><em>Aachen war die Lieblingspfalz Karls des Gro\u00dfen, der von seinen Zeitgenossen als der pater europae gepriesen wurde (damals freilich mit einer anderen Bedeutung als heute). Im Oktogon des Domes empfingen viele der deutschen K\u00f6nige ihre Krone. Aachen lag also lange Zeit im Fokus deutscher Geschichte. Heute steht Aachen mit dem Internationalen Karlspreis f\u00fcr die friedliche Einigung Europas. Deshalb erschien es uns mehr als angemessen, eine so grunds\u00e4tzliche Erkl\u00e4rung zur Geschichtsdarstellung nach diesem geschichtstr\u00e4chtigen Ort zu benennen.<\/em><\/p>\n<p align=\"left\"><strong>Das Ziel<\/strong><\/p>\n<p><em>Wir hoffen, dass die Aachener Erkl\u00e4rung dazu beitragen kann, dem Vertrauensverlust entgegenzuwirken, den die Living History in der Wissenschaft, aber auch der \u00d6ffentlichkeit erlitten hat. Mit jedem einzelnen Unterzeichner, der die Aachener Erkl\u00e4rung mit seinem Namen unterst\u00fctzt, w\u00e4chst das Gewicht der Botschaft, die die Aachener Erkl\u00e4rung an die Gesellschaft sendet.<\/em><\/p>\n<p>&nbsp;<\/p>\n","protected":false},"excerpt":{"rendered":"<p>Living History &#8211; gelebte und lebendige Geschichte Geschichte ist keinesfalls etwas Abgeschlossenes, Totes ohne Bezug zu aktuellen Entwicklungen, Ereignissen und Personen. Geschichte ist die Basis, das Geschehene, auf dem alles Folgende aufbaut. Man kann das Heute nicht verstehen, wenn man nicht wei\u00df, wie es zustande gekommen ist. Living History entwickelt sich immer st\u00e4rker zu einem &hellip; <\/p>\n<p class=\"link-more\"><a href=\"http:\/\/rokoko.net\/?page_id=130\" class=\"more-link\"><span class=\"screen-reader-text\">\u201eWarum Aachener Erkl\u00e4rung\u201c <\/span>weiterlesen<\/a><\/p>\n","protected":false},"author":1,"featured_media":0,"parent":0,"menu_order":0,"comment_status":"closed","ping_status":"closed","template":"","meta":{"footnotes":""},"class_list":["post-130","page","type-page","status-publish","hentry"],"_links":{"self":[{"href":"http:\/\/rokoko.net\/index.php?rest_route=\/wp\/v2\/pages\/130","targetHints":{"allow":["GET"]}}],"collection":[{"href":"http:\/\/rokoko.net\/index.php?rest_route=\/wp\/v2\/pages"}],"about":[{"href":"http:\/\/rokoko.net\/index.php?rest_route=\/wp\/v2\/types\/page"}],"author":[{"embeddable":true,"href":"http:\/\/rokoko.net\/index.php?rest_route=\/wp\/v2\/users\/1"}],"replies":[{"embeddable":true,"href":"http:\/\/rokoko.net\/index.php?rest_route=%2Fwp%2Fv2%2Fcomments&post=130"}],"version-history":[{"count":1,"href":"http:\/\/rokoko.net\/index.php?rest_route=\/wp\/v2\/pages\/130\/revisions"}],"predecessor-version":[{"id":131,"href":"http:\/\/rokoko.net\/index.php?rest_route=\/wp\/v2\/pages\/130\/revisions\/131"}],"wp:attachment":[{"href":"http:\/\/rokoko.net\/index.php?rest_route=%2Fwp%2Fv2%2Fmedia&parent=130"}],"curies":[{"name":"wp","href":"https:\/\/api.w.org\/{rel}","templated":true}]}}