{"id":2,"date":"2016-05-10T03:48:21","date_gmt":"2016-05-10T03:48:21","guid":{"rendered":"http:\/\/rokoko.net\/?page_id=2"},"modified":"2019-04-14T14:54:24","modified_gmt":"2019-04-14T14:54:24","slug":"sample-page","status":"publish","type":"page","link":"http:\/\/rokoko.net\/?page_id=2","title":{"rendered":"Aachener Erkl\u00e4rung f\u00fcr Living History"},"content":{"rendered":"<p><em style=\"font-size: 1rem;\"><img loading=\"lazy\" decoding=\"async\" class=\"size-full wp-image-13 alignright\" src=\"http:\/\/rokoko.net\/wp-content\/uploads\/2019\/04\/lhn_logo.gif\" alt=\"\" width=\"120\" height=\"120\" srcset=\"http:\/\/rokoko.net\/wp-content\/uploads\/2019\/04\/lhn_logo.gif 120w, http:\/\/rokoko.net\/wp-content\/uploads\/2019\/04\/lhn_logo-100x100.gif 100w\" sizes=\"auto, (max-width: 120px) 100vw, 120px\" \/>Living History kann uns helfen, das kulturelle Erbe der Vergangenheit zu verstehen und zu bewahren.<\/em><\/p>\n<p><em>Living History nach unserem Verst\u00e4ndnis soll der Forschung und Lehre als Helfer und Mittler im Kontakt mit der breiten \u00d6ffentlichkeit zur Seite stehen.<\/em><\/p>\n<p><em>Zu diesem Zweck wollen wir Leben und Wirken der Menschen aus Vergangenheit und Gegenwart getreu dem aktuellen Kenntnisstand der Wissenschaft und ihren Methoden abbilden.<\/em><\/p>\n<p><em>Um dieses Ziel zu erreichen, muss Living History frei sein von jeder politischen, religi\u00f6sen oder ideologischen Einflussnahme durch die Handelnden selbst oder durch Dritte.<\/em><\/p>\n<p align=\"left\"><em>Deshalb bekennen wir uns ohne Einschr\u00e4nkung zu religi\u00f6ser und weltanschaulicher Neutralit\u00e4t, den Werten des Grundgesetzes der Bundesrepublik Deutschland und den Grunds\u00e4tzen guter wissenschaftlicher Praxis. In diesem Geist wollen wir Living History gestalten und stetig verbessern.<\/em><\/p>\n<p align=\"right\"><strong><em>Aachen im Juli 2008<\/em><\/strong><\/p>\n<p align=\"left\"><strong>Unterzeichner: Lars Klaus A\u00dfhauer<\/strong><\/p>\n","protected":false},"excerpt":{"rendered":"<p>Living History kann uns helfen, das kulturelle Erbe der Vergangenheit zu verstehen und zu bewahren. Living History nach unserem Verst\u00e4ndnis soll der Forschung und Lehre als Helfer und Mittler im Kontakt mit der breiten \u00d6ffentlichkeit zur Seite stehen. Zu diesem Zweck wollen wir Leben und Wirken der Menschen aus Vergangenheit und Gegenwart getreu dem aktuellen &hellip; <\/p>\n<p class=\"link-more\"><a href=\"http:\/\/rokoko.net\/?page_id=2\" class=\"more-link\"><span class=\"screen-reader-text\">\u201eAachener Erkl\u00e4rung f\u00fcr Living History\u201c <\/span>weiterlesen<\/a><\/p>\n","protected":false},"author":1,"featured_media":0,"parent":0,"menu_order":0,"comment_status":"closed","ping_status":"open","template":"","meta":{"footnotes":""},"class_list":["post-2","page","type-page","status-publish","hentry"],"_links":{"self":[{"href":"http:\/\/rokoko.net\/index.php?rest_route=\/wp\/v2\/pages\/2","targetHints":{"allow":["GET"]}}],"collection":[{"href":"http:\/\/rokoko.net\/index.php?rest_route=\/wp\/v2\/pages"}],"about":[{"href":"http:\/\/rokoko.net\/index.php?rest_route=\/wp\/v2\/types\/page"}],"author":[{"embeddable":true,"href":"http:\/\/rokoko.net\/index.php?rest_route=\/wp\/v2\/users\/1"}],"replies":[{"embeddable":true,"href":"http:\/\/rokoko.net\/index.php?rest_route=%2Fwp%2Fv2%2Fcomments&post=2"}],"version-history":[{"count":1,"href":"http:\/\/rokoko.net\/index.php?rest_route=\/wp\/v2\/pages\/2\/revisions"}],"predecessor-version":[{"id":73,"href":"http:\/\/rokoko.net\/index.php?rest_route=\/wp\/v2\/pages\/2\/revisions\/73"}],"wp:attachment":[{"href":"http:\/\/rokoko.net\/index.php?rest_route=%2Fwp%2Fv2%2Fmedia&parent=2"}],"curies":[{"name":"wp","href":"https:\/\/api.w.org\/{rel}","templated":true}]}}