{"id":80,"date":"2019-04-14T14:57:07","date_gmt":"2019-04-14T14:57:07","guid":{"rendered":"http:\/\/rokoko.net\/?page_id=80"},"modified":"2019-04-14T14:57:07","modified_gmt":"2019-04-14T14:57:07","slug":"elefantenorden","status":"publish","type":"page","link":"http:\/\/rokoko.net\/?page_id=80","title":{"rendered":"Elefantenorden"},"content":{"rendered":"<p style=\"text-align: left;\" align=\"center\"><img loading=\"lazy\" decoding=\"async\" class=\"size-medium wp-image-14 alignright\" src=\"http:\/\/rokoko.net\/wp-content\/uploads\/2019\/04\/Lint_en_ster_van_de_Orde_van_de_Olifant-203x300.jpg\" alt=\"\" width=\"203\" height=\"300\" srcset=\"http:\/\/rokoko.net\/wp-content\/uploads\/2019\/04\/Lint_en_ster_van_de_Orde_van_de_Olifant-203x300.jpg 203w, http:\/\/rokoko.net\/wp-content\/uploads\/2019\/04\/Lint_en_ster_van_de_Orde_van_de_Olifant.jpg 303w\" sizes=\"auto, (max-width: 203px) 100vw, 203px\" \/>Der Elefanten-Orden ist der h\u00f6chste und \u00e4lteste d\u00e4nische Verdienstorden und, abgesehen von Sonderanfertigungen, die handwerklich weltweit am aufwendigsten ausgef\u00fchrte Medaille.<\/p>\n<p style=\"text-align: left;\" align=\"center\">Im Jahr seiner Neuordnung 1693 erhielt der Orden auch seine heutige Gestalt. Der Elefant ist aus Gold und mit Ausnahme der Z\u00e4hne (Elfenbein), wei\u00df emailliert. Der Elefant tr\u00e4gt auf der einen Seite ein Kreuz, auf der anderen Seite das Monogramm des regierenden Monarchen. Auf dem R\u00fccken liegt eine blaue, goldgefasste Decke, an deren Seite sich f\u00fcnf Diamanten befinden, die ein Kreuz bilden. Auf dem R\u00fccken des Elefanten steht ein roter Turm mit goldenen Bogenfenstern, auf dem Hals sitzt ein Mohr mit goldenem Wurfspeer.<\/p>\n<p style=\"text-align: left;\" align=\"center\">Die Ordensdevise lautet: Magnanimi pretium (Preis der Gro\u00dfherzigkeit)<\/p>\n<p style=\"text-align: left;\" align=\"center\"><strong>F\u00fcr den Orden gibt es zwei Trageversionen:<\/strong><\/p>\n<p style=\"text-align: left;\" align=\"center\"><strong> I. \u00a0Der Ordens-Elefant wird bei feierlichen Anl\u00e4ssen an einer Ordenskette aus Goldelefanten mit blauer Decke und goldenen T\u00fcrmen getragen<\/strong><\/p>\n<p style=\"text-align: left;\" align=\"center\"><strong> II. \u00a0Der Orden geh\u00f6rt zu den seltenen Ausnahmen, bei denen das Schulterband \u00fcber die linke Schulter getragen wird, sodass das Kleinod an der rechten H\u00fcfte h\u00e4ngt.<\/strong><\/p>\n<p style=\"text-align: left;\" align=\"center\">Bei der Betrachtung des Elefanten-Ordens taucht die Frage auf, wieso gerade dieses im hohen Norden Europas gelegene Land den (in seinen s\u00fcdlichen Heimatl\u00e4ndern meist hoch verehrten) Elefanten zum Symbol seines h\u00f6chsten Ordens erw\u00e4hlen konnte. Indessen galt der Elefant schon in fr\u00fchen Zeiten auch in Europa als Sinnbild f\u00fcr Weisheit und vorz\u00fcgliche Eigenschaften. Der Sage nach soll auch ein d\u00e4nischer Krieger im Kampf gegen die Sarazenen w\u00e4hrend der Kreuzz\u00fcge einen Elefanten erlegt haben. Daher liegt es nahe, dass der Elefant sowohl als Symbol der Weisheit als auch zum Andenken an den d\u00e4nischen Krieger gew\u00e4hlt worden ist.<\/p>\n<p style=\"text-align: left;\" align=\"center\">In \u00e4lteren Quellen werden Ritter des Elefanten-Ordens auch als Blau-Ritter oder Blaue Ritter bezeichnet.<\/p>\n<p>&nbsp;<\/p>\n","protected":false},"excerpt":{"rendered":"<p>Der Elefanten-Orden ist der h\u00f6chste und \u00e4lteste d\u00e4nische Verdienstorden und, abgesehen von Sonderanfertigungen, die handwerklich weltweit am aufwendigsten ausgef\u00fchrte Medaille. Im Jahr seiner Neuordnung 1693 erhielt der Orden auch seine heutige Gestalt. Der Elefant ist aus Gold und mit Ausnahme der Z\u00e4hne (Elfenbein), wei\u00df emailliert. Der Elefant tr\u00e4gt auf der einen Seite ein Kreuz, auf &hellip; <\/p>\n<p class=\"link-more\"><a href=\"http:\/\/rokoko.net\/?page_id=80\" class=\"more-link\"><span class=\"screen-reader-text\">\u201eElefantenorden\u201c <\/span>weiterlesen<\/a><\/p>\n","protected":false},"author":1,"featured_media":47,"parent":0,"menu_order":0,"comment_status":"closed","ping_status":"closed","template":"","meta":{"footnotes":""},"class_list":["post-80","page","type-page","status-publish","has-post-thumbnail","hentry"],"_links":{"self":[{"href":"http:\/\/rokoko.net\/index.php?rest_route=\/wp\/v2\/pages\/80","targetHints":{"allow":["GET"]}}],"collection":[{"href":"http:\/\/rokoko.net\/index.php?rest_route=\/wp\/v2\/pages"}],"about":[{"href":"http:\/\/rokoko.net\/index.php?rest_route=\/wp\/v2\/types\/page"}],"author":[{"embeddable":true,"href":"http:\/\/rokoko.net\/index.php?rest_route=\/wp\/v2\/users\/1"}],"replies":[{"embeddable":true,"href":"http:\/\/rokoko.net\/index.php?rest_route=%2Fwp%2Fv2%2Fcomments&post=80"}],"version-history":[{"count":1,"href":"http:\/\/rokoko.net\/index.php?rest_route=\/wp\/v2\/pages\/80\/revisions"}],"predecessor-version":[{"id":81,"href":"http:\/\/rokoko.net\/index.php?rest_route=\/wp\/v2\/pages\/80\/revisions\/81"}],"wp:featuredmedia":[{"embeddable":true,"href":"http:\/\/rokoko.net\/index.php?rest_route=\/wp\/v2\/media\/47"}],"wp:attachment":[{"href":"http:\/\/rokoko.net\/index.php?rest_route=%2Fwp%2Fv2%2Fmedia&parent=80"}],"curies":[{"name":"wp","href":"https:\/\/api.w.org\/{rel}","templated":true}]}}