{"id":86,"date":"2019-04-14T15:00:04","date_gmt":"2019-04-14T15:00:04","guid":{"rendered":"http:\/\/rokoko.net\/?page_id=86"},"modified":"2019-04-21T12:40:30","modified_gmt":"2019-04-21T12:40:30","slug":"hausorden-vom-goldenen-loewen","status":"publish","type":"page","link":"http:\/\/rokoko.net\/?page_id=86","title":{"rendered":"Hausorden vom Goldenen L\u00f6wen"},"content":{"rendered":"<p align=\"center\"><img loading=\"lazy\" decoding=\"async\" class=\"alignnone size-medium wp-image-223\" src=\"http:\/\/rokoko.net\/wp-content\/uploads\/2019\/04\/IMG_3997-1-300x240.jpg\" alt=\"\" width=\"300\" height=\"240\" srcset=\"http:\/\/rokoko.net\/wp-content\/uploads\/2019\/04\/IMG_3997-1-300x240.jpg 300w, http:\/\/rokoko.net\/wp-content\/uploads\/2019\/04\/IMG_3997-1-768x615.jpg 768w, http:\/\/rokoko.net\/wp-content\/uploads\/2019\/04\/IMG_3997-1-1024x819.jpg 1024w\" sizes=\"auto, (max-width: 300px) 100vw, 300px\" \/> <img loading=\"lazy\" decoding=\"async\" class=\"alignnone size-medium wp-image-224\" src=\"http:\/\/rokoko.net\/wp-content\/uploads\/2019\/04\/IMG_3998-1-300x240.jpg\" alt=\"\" width=\"300\" height=\"240\" srcset=\"http:\/\/rokoko.net\/wp-content\/uploads\/2019\/04\/IMG_3998-1-300x240.jpg 300w, http:\/\/rokoko.net\/wp-content\/uploads\/2019\/04\/IMG_3998-1-768x615.jpg 768w, http:\/\/rokoko.net\/wp-content\/uploads\/2019\/04\/IMG_3998-1-1024x819.jpg 1024w\" sizes=\"auto, (max-width: 300px) 100vw, 300px\" \/><\/p>\n<p style=\"text-align: left;\" align=\"center\"><img loading=\"lazy\" decoding=\"async\" class=\"size-medium wp-image-225 alignright\" src=\"http:\/\/rokoko.net\/wp-content\/uploads\/2019\/04\/IMG_4012-1-300x300.jpg\" alt=\"\" width=\"300\" height=\"300\" srcset=\"http:\/\/rokoko.net\/wp-content\/uploads\/2019\/04\/IMG_4012-1-300x300.jpg 300w, http:\/\/rokoko.net\/wp-content\/uploads\/2019\/04\/IMG_4012-1-150x150.jpg 150w, http:\/\/rokoko.net\/wp-content\/uploads\/2019\/04\/IMG_4012-1-768x768.jpg 768w, http:\/\/rokoko.net\/wp-content\/uploads\/2019\/04\/IMG_4012-1-1024x1024.jpg 1024w, http:\/\/rokoko.net\/wp-content\/uploads\/2019\/04\/IMG_4012-1-100x100.jpg 100w\" sizes=\"auto, (max-width: 300px) 100vw, 300px\" \/>Der Hausorden vom goldenen L\u00f6wen war die h\u00f6chste Auszeichnung der Landgrafschaft Hessen-Kassel, bzw. des Kurf\u00fcrstentums Hessen und des Gro\u00dfherzogtums Hessen und bei Rhein.<\/p>\n<p style=\"text-align: left;\" align=\"center\">Gestiftet wurde er am 14. August 1770 durch den Landgrafen Friedrich II. zu Hessen-Kassel in einer Klasse. Patronin war die Heilige Elisabeth von Ungarn, Ahnin des Stifters. Der Orden war zur Belohnung und W\u00fcrdigung ausgezeichneter Verdienste und als Hausorden gedacht. Kurf\u00fcrst Wilhelm I. erweiterte ihn mit Statutennachtrag vom 1. Januar 1818 um drei Klassen. Am 20. August 1851 wurde aus den Erweiterungsklassen des Jahres 1818 von Kurf\u00fcrst Friedrich Wilhelm I. der separate Wilhelmsorden gestiftet.<\/p>\n<p style=\"text-align: left;\" align=\"center\">Nach der Besetzung Kurhessens durch Preu\u00dfen 1866 wurde der Hausorden vom Goldenen L\u00f6wen in die Reihe der k\u00f6niglich preu\u00dfischen Orden \u00fcbernommen. Durch Erlass vom 27. August 1875 wurde der Orden aus der Reihe der letzteren wieder gestrichen.<\/p>\n<p style=\"text-align: left;\" align=\"center\">Nach dem Tode des letzten Kurf\u00fcrsten von Hessen-Kassel wurde der Orden von Gro\u00dfherzog Ludwig II. von Hessen-Darmstadt \u00fcbernommen. Er gab ihm am 6. Juni 1876 neue Statuten und setzte ihn als neuen gro\u00dfherzoglichen Orden ein. Er stand dem Gro\u00dfkreuz des Ludwigs-Ordens gleich. Mit der Abdankung des letzten Gro\u00dfherzogs von Hessen-Darmstadt 1918 erlosch der Orden endg\u00fcltig.<\/p>\n<p style=\"text-align: left;\" align=\"center\"><strong>Es gab<\/strong><\/p>\n<p style=\"text-align: left;\" align=\"center\">Kollane, das Ordenszeichen, den Bruststern.<\/p>\n<p style=\"text-align: left;\" align=\"center\"><strong>Ordenszeichen<\/strong><\/p>\n<p style=\"text-align: left;\" align=\"center\">Das Ordenszeichen besteht aus einem gekr\u00f6nten goldenen L\u00f6wen innerhalb eines goldenen Ovalreifens<\/p>\n<dl>\n<dd>\n<p style=\"text-align: left;\" align=\"center\"><strong>auf dem Avers mit der Devise:<\/strong><\/p>\n<p style=\"text-align: left;\"><tt>Virtute et Fidelitate<\/tt><\/p>\n<\/dd>\n<dd>\n<p style=\"text-align: left;\" align=\"center\"><strong>und auf dem Revers mit der Inschrift: <\/strong><tt><\/tt><\/p>\n<p style=\"text-align: left;\">I. Modell: Fridericus II D. G. Hassiae Landgravius inst. 1770.<\/p>\n<p>II. Modell: Wilhelmus I Hassiae Elector 1803.<\/dd>\n<\/dl>\n<p style=\"text-align: left;\" align=\"center\">Das Ordensband ist karmesinrot in den Breiten f\u00fcr Sch\u00e4rpe, Halskreuz (Komtur) und Brustkreuz (Ritter).<\/p>\n<p style=\"text-align: left;\" align=\"center\"><strong>Sonstiges<\/strong><\/p>\n<p style=\"text-align: left;\" align=\"center\">Der Hausorden vom Goldenen L\u00f6wen wurde 1858 von Herzog Adolf von Nassau auch in seinem Staat als Verdienstorden eingef\u00fchrt. Nach der Annexion des Herzogtums Nassau durch Preu\u00dfen 1866 aber im Jahre 1882 von K\u00f6nig Wilhelm III. der Niederlande \u00fcbernommen und weitergef\u00fchrt.<\/p>\n<p>&nbsp;<\/p>\n","protected":false},"excerpt":{"rendered":"<p>Der Hausorden vom goldenen L\u00f6wen war die h\u00f6chste Auszeichnung der Landgrafschaft Hessen-Kassel, bzw. des Kurf\u00fcrstentums Hessen und des Gro\u00dfherzogtums Hessen und bei Rhein. Gestiftet wurde er am 14. August 1770 durch den Landgrafen Friedrich II. zu Hessen-Kassel in einer Klasse. Patronin war die Heilige Elisabeth von Ungarn, Ahnin des Stifters. Der Orden war zur Belohnung &hellip; <\/p>\n<p class=\"link-more\"><a href=\"http:\/\/rokoko.net\/?page_id=86\" class=\"more-link\"><span class=\"screen-reader-text\">\u201eHausorden vom Goldenen L\u00f6wen\u201c <\/span>weiterlesen<\/a><\/p>\n","protected":false},"author":1,"featured_media":59,"parent":0,"menu_order":0,"comment_status":"closed","ping_status":"closed","template":"","meta":{"footnotes":""},"class_list":["post-86","page","type-page","status-publish","has-post-thumbnail","hentry"],"_links":{"self":[{"href":"http:\/\/rokoko.net\/index.php?rest_route=\/wp\/v2\/pages\/86","targetHints":{"allow":["GET"]}}],"collection":[{"href":"http:\/\/rokoko.net\/index.php?rest_route=\/wp\/v2\/pages"}],"about":[{"href":"http:\/\/rokoko.net\/index.php?rest_route=\/wp\/v2\/types\/page"}],"author":[{"embeddable":true,"href":"http:\/\/rokoko.net\/index.php?rest_route=\/wp\/v2\/users\/1"}],"replies":[{"embeddable":true,"href":"http:\/\/rokoko.net\/index.php?rest_route=%2Fwp%2Fv2%2Fcomments&post=86"}],"version-history":[{"count":4,"href":"http:\/\/rokoko.net\/index.php?rest_route=\/wp\/v2\/pages\/86\/revisions"}],"predecessor-version":[{"id":254,"href":"http:\/\/rokoko.net\/index.php?rest_route=\/wp\/v2\/pages\/86\/revisions\/254"}],"wp:featuredmedia":[{"embeddable":true,"href":"http:\/\/rokoko.net\/index.php?rest_route=\/wp\/v2\/media\/59"}],"wp:attachment":[{"href":"http:\/\/rokoko.net\/index.php?rest_route=%2Fwp%2Fv2%2Fmedia&parent=86"}],"curies":[{"name":"wp","href":"https:\/\/api.w.org\/{rel}","templated":true}]}}