{"id":96,"date":"2019-04-14T15:03:11","date_gmt":"2019-04-14T15:03:11","guid":{"rendered":"http:\/\/rokoko.net\/?page_id=96"},"modified":"2019-04-14T15:03:11","modified_gmt":"2019-04-14T15:03:11","slug":"johanniter-orden","status":"publish","type":"page","link":"http:\/\/rokoko.net\/?page_id=96","title":{"rendered":"Johanniter Orden"},"content":{"rendered":"<p style=\"text-align: left;\" align=\"center\">Der Johanniterorden (Balley Brandenburg des Ritterlichen Ordens Sankt Johannis vom Spital zu Jerusalem) ist eine protestantische Ordensgemeinschaft, die 1538 aus der Ballei Brandenburg des Ritterordens des Johanniter- oder Hospitaliterordens hervorgegangen ist, der auf ein bereits einige Jahrzehnte vor dem Ersten Kreuzzug von italienischen Kaufleuten in Jerusalem gestiftetes Hospital zum Heiligen Johannes zur\u00fcckgeht.<\/p>\n<p style=\"text-align: left;\" align=\"center\"><strong> <span id=\"Ordenskreuz\">Ordenskreuz<\/span><\/strong><\/p>\n<p style=\"text-align: left;\" align=\"center\">Johanniter und Malteser f\u00fchren das identische Ordenskreuz, es wird linksseitig getragen. Die Kreuzform erinnert an den Opfertod Christi. Die acht Spitzen weisen auf die acht Seligpreisungen der Bergpredigt hin (Matth\u00e4us 5, 3\u201310). Jeder der vier Balken des Kreuzes steht f\u00fcr eine Kardinaltugend (Gerechtigkeit, Tapferkeit, Weisheit und M\u00e4\u00dfigung).<\/p>\n","protected":false},"excerpt":{"rendered":"<p>Der Johanniterorden (Balley Brandenburg des Ritterlichen Ordens Sankt Johannis vom Spital zu Jerusalem) ist eine protestantische Ordensgemeinschaft, die 1538 aus der Ballei Brandenburg des Ritterordens des Johanniter- oder Hospitaliterordens hervorgegangen ist, der auf ein bereits einige Jahrzehnte vor dem Ersten Kreuzzug von italienischen Kaufleuten in Jerusalem gestiftetes Hospital zum Heiligen Johannes zur\u00fcckgeht. Ordenskreuz Johanniter und &hellip; <\/p>\n<p class=\"link-more\"><a href=\"http:\/\/rokoko.net\/?page_id=96\" class=\"more-link\"><span class=\"screen-reader-text\">\u201eJohanniter Orden\u201c <\/span>weiterlesen<\/a><\/p>\n","protected":false},"author":1,"featured_media":9,"parent":0,"menu_order":0,"comment_status":"closed","ping_status":"closed","template":"","meta":{"footnotes":""},"class_list":["post-96","page","type-page","status-publish","has-post-thumbnail","hentry"],"_links":{"self":[{"href":"http:\/\/rokoko.net\/index.php?rest_route=\/wp\/v2\/pages\/96","targetHints":{"allow":["GET"]}}],"collection":[{"href":"http:\/\/rokoko.net\/index.php?rest_route=\/wp\/v2\/pages"}],"about":[{"href":"http:\/\/rokoko.net\/index.php?rest_route=\/wp\/v2\/types\/page"}],"author":[{"embeddable":true,"href":"http:\/\/rokoko.net\/index.php?rest_route=\/wp\/v2\/users\/1"}],"replies":[{"embeddable":true,"href":"http:\/\/rokoko.net\/index.php?rest_route=%2Fwp%2Fv2%2Fcomments&post=96"}],"version-history":[{"count":1,"href":"http:\/\/rokoko.net\/index.php?rest_route=\/wp\/v2\/pages\/96\/revisions"}],"predecessor-version":[{"id":97,"href":"http:\/\/rokoko.net\/index.php?rest_route=\/wp\/v2\/pages\/96\/revisions\/97"}],"wp:featuredmedia":[{"embeddable":true,"href":"http:\/\/rokoko.net\/index.php?rest_route=\/wp\/v2\/media\/9"}],"wp:attachment":[{"href":"http:\/\/rokoko.net\/index.php?rest_route=%2Fwp%2Fv2%2Fmedia&parent=96"}],"curies":[{"name":"wp","href":"https:\/\/api.w.org\/{rel}","templated":true}]}}