{"id":98,"date":"2019-04-14T15:03:57","date_gmt":"2019-04-14T15:03:57","guid":{"rendered":"http:\/\/rokoko.net\/?page_id=98"},"modified":"2019-04-16T17:41:00","modified_gmt":"2019-04-16T17:41:00","slug":"k-u-sankt-stephans-orden","status":"publish","type":"page","link":"http:\/\/rokoko.net\/?page_id=98","title":{"rendered":"K.U. Sankt Stephans-Orden"},"content":{"rendered":"<p style=\"text-align: left;\" align=\"center\"><span style=\"font-size: 1rem;\"><img loading=\"lazy\" decoding=\"async\" class=\"size-medium wp-image-211 alignright\" src=\"http:\/\/rokoko.net\/wp-content\/uploads\/2019\/04\/IMG_4069-1-267x300.jpg\" alt=\"\" width=\"267\" height=\"300\" srcset=\"http:\/\/rokoko.net\/wp-content\/uploads\/2019\/04\/IMG_4069-1-267x300.jpg 267w, http:\/\/rokoko.net\/wp-content\/uploads\/2019\/04\/IMG_4069-1-768x864.jpg 768w, http:\/\/rokoko.net\/wp-content\/uploads\/2019\/04\/IMG_4069-1-910x1024.jpg 910w\" sizes=\"auto, (max-width: 267px) 100vw, 267px\" \/>Der K\u00f6niglich-Ungarische Sankt Stephans-Orden (hu: Magyar kir\u00e1lyi Szent Istvan lovagrend), bis 1944 rangh\u00f6chster ungarischer Zivilverdienstorden, wurde von Maria Theresia als Pendant zum Milit\u00e4r-Maria-Theresien-Orden am 5. Mai 1764, dem Tage der Kr\u00f6nung ihres \u00e4ltesten Sohnes Joseph II. zum R\u00f6mischen K\u00f6nig, gestiftet und unter den Schutz des Heiligen Stephan gestellt. Der vollst\u00e4ndige Name lautet K\u00f6niglich ungarischer Orden des Heiligen apostolischen K\u00f6nigs Stephan. Die Statuten waren vom 6. Mai 1764 datiert. Gro\u00dfmeister war der K\u00f6nig von Ungarn.<\/span><\/p>\n<p style=\"text-align: left;\" align=\"center\">Die Dekoration besteht aus einem gr\u00fcn emaillierten, goldger\u00e4nderten und mit der ungarischen Stephanskrone gekr\u00f6nten Tatzenkreuz, dessen rot emaillierter Mittelschild das aus dem ungarischen Wappen bekannte Doppelkreuz (Patriarchenkreuz, ungarisches Kreuz) \u00fcber einer Krone und drei gr\u00fcnen H\u00fcgeln zeigt, flankiert von den Buchstaben des Monogramms <tt>M T<\/tt> (Maria Theresia) und umgeben von der Ordensdevise <tt> Publicum meritorum praemium<\/tt> (\u00d6ffentliche Auszeichnung f\u00fcr Verdienste). Auf dem Revers steht, umgeben von einem Eichenkranz, <tt> STO.ST.R.I.AP.<\/tt> (Sancto Stephano Regi Apostolico \u2013 Dem Heiligen apostolischen K\u00f6nig Stephan).<\/p>\n<p style=\"text-align: left;\" align=\"center\">S\u00e4mtliche Kreuze wurden am gr\u00fcnen Band mit rotem Streifen in der Mitte in der \u00fcblichen Weise getragen. Zum Gro\u00dfkreuz geh\u00f6rte ein brillantierter Silberstern mit dem Ordensmedaillon in der Mitte sowie eine Kette, deren Glieder abwechselnd die Stephanskrone und die Monogramme <tt>S S<\/tt> (Sanctus Stephanus) und <tt>M T<\/tt> zeigten. Das Mittelst\u00fcck ist ein Wolkenkranz, in dem ein Adler schwebt, umgeben von der Devise: <tt>Stringit amore<\/tt> (Es bindet durch Liebe).<\/p>\n<p style=\"text-align: left;\" align=\"center\">Die Ordenskleidung war ein gr\u00fcner Samtmantel mit karmesinroter Taftf\u00fctterung und Hermelinbesatz. Der Hut, ebenfalls in karmesinrot mit Hermelinbesatz, war mit Reiherfedern in einer rot-gr\u00fcnen Agraffe geschm\u00fcckt. Dazu geh\u00f6rte ein Unterkleid aus rotem Samt mit Goldstickerei. Festtag des Ordens war der St. Stephans-Tag (26. Dezember).<\/p>\n<p>&nbsp;<\/p>\n","protected":false},"excerpt":{"rendered":"<p>Der K\u00f6niglich-Ungarische Sankt Stephans-Orden (hu: Magyar kir\u00e1lyi Szent Istvan lovagrend), bis 1944 rangh\u00f6chster ungarischer Zivilverdienstorden, wurde von Maria Theresia als Pendant zum Milit\u00e4r-Maria-Theresien-Orden am 5. Mai 1764, dem Tage der Kr\u00f6nung ihres \u00e4ltesten Sohnes Joseph II. zum R\u00f6mischen K\u00f6nig, gestiftet und unter den Schutz des Heiligen Stephan gestellt. Der vollst\u00e4ndige Name lautet K\u00f6niglich ungarischer Orden &hellip; <\/p>\n<p class=\"link-more\"><a href=\"http:\/\/rokoko.net\/?page_id=98\" class=\"more-link\"><span class=\"screen-reader-text\">\u201eK.U. Sankt Stephans-Orden\u201c <\/span>weiterlesen<\/a><\/p>\n","protected":false},"author":1,"featured_media":61,"parent":0,"menu_order":0,"comment_status":"closed","ping_status":"closed","template":"","meta":{"footnotes":""},"class_list":["post-98","page","type-page","status-publish","has-post-thumbnail","hentry"],"_links":{"self":[{"href":"http:\/\/rokoko.net\/index.php?rest_route=\/wp\/v2\/pages\/98","targetHints":{"allow":["GET"]}}],"collection":[{"href":"http:\/\/rokoko.net\/index.php?rest_route=\/wp\/v2\/pages"}],"about":[{"href":"http:\/\/rokoko.net\/index.php?rest_route=\/wp\/v2\/types\/page"}],"author":[{"embeddable":true,"href":"http:\/\/rokoko.net\/index.php?rest_route=\/wp\/v2\/users\/1"}],"replies":[{"embeddable":true,"href":"http:\/\/rokoko.net\/index.php?rest_route=%2Fwp%2Fv2%2Fcomments&post=98"}],"version-history":[{"count":4,"href":"http:\/\/rokoko.net\/index.php?rest_route=\/wp\/v2\/pages\/98\/revisions"}],"predecessor-version":[{"id":238,"href":"http:\/\/rokoko.net\/index.php?rest_route=\/wp\/v2\/pages\/98\/revisions\/238"}],"wp:featuredmedia":[{"embeddable":true,"href":"http:\/\/rokoko.net\/index.php?rest_route=\/wp\/v2\/media\/61"}],"wp:attachment":[{"href":"http:\/\/rokoko.net\/index.php?rest_route=%2Fwp%2Fv2%2Fmedia&parent=98"}],"curies":[{"name":"wp","href":"https:\/\/api.w.org\/{rel}","templated":true}]}}